{"id":241182,"date":"2023-08-16T11:53:41","date_gmt":"2023-08-16T09:53:41","guid":{"rendered":"https:\/\/hmschambers.com\/?page_id=241182"},"modified":"2023-11-07T11:07:08","modified_gmt":"2023-11-07T10:07:08","slug":"productos","status":"publish","type":"page","link":"https:\/\/hmschambers.com\/es\/productos\/","title":{"rendered":"PRODUCTOS"},"content":{"rendered":"<p>[et_pb_section fb_built=\u00bb1&#8243; admin_label=\u00bbSlider\u00bb _builder_version=\u00bb4.21.0&#8243; _module_preset=\u00bbf9ab6918-652e-4532-ba3e-f657c28df53f\u00bb width=\u00bb100%\u00bb max_width=\u00bb100%\u00bb custom_padding=\u00bb0px||0px||false|false\u00bb custom_padding_tablet=\u00bb0px||0px||false|false\u00bb custom_padding_phone=\u00bb0px||0px||false|false\u00bb global_colors_info=\u00bb{}\u00bb][et_pb_row _builder_version=\u00bb4.21.0&#8243; _module_preset=\u00bb5ecf7231-0bc0-4ff9-9296-98d3d8b6e54c\u00bb width=\u00bb100%\u00bb width_tablet=\u00bb100%\u00bb width_phone=\u00bb100%\u00bb width_last_edited=\u00bbon|desktop\u00bb max_width=\u00bb100%\u00bb module_alignment=\u00bbleft\u00bb custom_margin=\u00bb0px||0px||false|false\u00bb custom_margin_tablet=\u00bb|0px||0px|false|false\u00bb custom_padding=\u00bb0px||0px||false|false\u00bb custom_padding_tablet=\u00bb|0px||0px|false|true\u00bb global_colors_info=\u00bb{}\u00bb][et_pb_column type=\u00bb4_4&#8243; _builder_version=\u00bb4.21.0&#8243; _module_preset=\u00bbdefault\u00bb global_colors_info=\u00bb{}\u00bb][et_pb_slider _builder_version=\u00bb4.21.0&#8243; _module_preset=\u00bb_initial\u00bb content_max_width=\u00bb1450px\u00bb custom_margin=\u00bb|0px||0px|false|false\u00bb custom_padding=\u00bb294px|0px|200px|0px|false|false\u00bb custom_padding_tablet=\u00bb180px|0px|180px|0px|false|false\u00bb hover_enabled=\u00bb0&#8243; header_font_size_tablet=\u00bb\u00bb header_font_size_phone=\u00bb39px\u00bb header_font_size_last_edited=\u00bbon|tablet\u00bb body_font_size_phone=\u00bb39px\u00bb global_colors_info=\u00bb{}\u00bb sticky_enabled=\u00bb0&#8243;][et_pb_slide _builder_version=\u00bb4.21.0&#8243; _module_preset=\u00bbb26750b4-5c41-4a31-a0db-1059cf128cff\u00bb background_image=\u00bbhttps:\/\/hmschambers.com\/wp-content\/uploads\/2023\/11\/Products_HMS_D.jpg\u00bb custom_padding=\u00bb|0px||0px|false|false\u00bb hover_enabled=\u00bb0&#8243; global_colors_info=\u00bb{}\u00bb sticky_transition=\u00bbon\u00bb title_text=\u00bbProducts_HMS_D\u00bb sticky_enabled=\u00bb0&#8243;][\/et_pb_slide][\/et_pb_slider][\/et_pb_column][\/et_pb_row][\/et_pb_section][et_pb_section fb_built=\u00bb1&#8243; admin_label=\u00bbWillkommen\u00bb _builder_version=\u00bb4.21.0&#8243; _module_preset=\u00bbf9ab6918-652e-4532-ba3e-f657c28df53f\u00bb global_colors_info=\u00bb{}\u00bb][et_pb_row _builder_version=\u00bb4.21.0&#8243; _module_preset=\u00bb5ecf7231-0bc0-4ff9-9296-98d3d8b6e54c\u00bb custom_margin_tablet=\u00bb||0px||false|false\u00bb custom_margin_phone=\u00bb||0px||false|false\u00bb custom_margin_last_edited=\u00bbon|phone\u00bb custom_padding_tablet=\u00bb||0px||false|false\u00bb custom_padding_phone=\u00bb||0px||false|false\u00bb global_colors_info=\u00bb{}\u00bb][et_pb_column type=\u00bb4_4&#8243; _builder_version=\u00bb4.21.0&#8243; _module_preset=\u00bbdefault\u00bb global_colors_info=\u00bb{}\u00bb][et_pb_text _builder_version=\u00bb4.21.0&#8243; _module_preset=\u00bb0244dc37-946c-4a06-951a-a204f831188d\u00bb global_colors_info=\u00bb{}\u00bb]<\/p>\n<h2><strong>Productos<\/strong><\/h2>\n<h2><span style=\"text-decoration: underline;\">HYPERBARIC MODULAR SYSTEMS, INC. (HMS)<\/span><\/h2>\n<p>[\/et_pb_text][\/et_pb_column][\/et_pb_row][et_pb_row column_structure=\u00bb1_2,1_2&#8243; custom_padding_last_edited=\u00bbon|desktop\u00bb _builder_version=\u00bb4.21.0&#8243; _module_preset=\u00bb2fc1098a-8f14-47dc-be8d-e9abbb3cdb68&#8243; custom_padding_tablet=\u00bb0px||||false|true\u00bb custom_padding_phone=\u00bb0px||||false|true\u00bb global_colors_info=\u00bb{}\u00bb][et_pb_column type=\u00bb1_2&#8243; _builder_version=\u00bb4.21.0&#8243; _module_preset=\u00bbdefault\u00bb global_colors_info=\u00bb{}\u00bb][et_pb_text _builder_version=\u00bb4.21.0&#8243; _module_preset=\u00bb0244dc37-946c-4a06-951a-a204f831188d\u00bb border_style_bottom=\u00bbnone\u00bb global_colors_info=\u00bb{}\u00bb]<\/p>\n<p>Para soluciones confiables por sus necesidades en la oxigenoterapia hiperb\u00e1rica (OHB), HMS ofrece experiencia extensa en el dise\u00f1o, la producci\u00f3n, instalaci\u00f3n y el mantenimiento de sistemas hiperb\u00e1ricos de diversos tama\u00f1os. En todo el mundo se utilizan nuestros sistemas OHB, el buceo, los simuladores y en c\u00e1maras usadas para la investigaci\u00f3n o en la ingenieria de t\u00faneles. Gracias por visitar nuestro sitio web y nos alegramos de trabajar con ustedes. Estamos seguros que entregaremos un sistema fiable y rentable dise\u00f1ado para satisfacer sus necesidades y objetivos.<\/p>\n<p>[\/et_pb_text][\/et_pb_column][et_pb_column type=\u00bb1_2&#8243; _builder_version=\u00bb4.21.0&#8243; _module_preset=\u00bbdefault\u00bb global_colors_info=\u00bb{}\u00bb][et_pb_text _builder_version=\u00bb4.21.0&#8243; _module_preset=\u00bb0244dc37-946c-4a06-951a-a204f831188d\u00bb global_colors_info=\u00bb{}\u00bb]<\/p>\n<p><strong>Puede confiar en nuestra <a href=\"https:\/\/hmschambers.com\/es\/la-compania\/\">experiencia profesional<\/a> y el reconocimiento de sistemas HMS ya usado las 24 horas en hospitales, centros m\u00e9dicos, centros de trauma y quemados, instituciones de investigaci\u00f3n, ambulatorios y centros de medicina hiperb\u00e1rica en todo el mundo.<\/strong><\/p>\n<p>[\/et_pb_text][\/et_pb_column][\/et_pb_row][\/et_pb_section][et_pb_section fb_built=\u00bb1&#8243; admin_label=\u00bb3 Spalten-Bereich\u00bb _builder_version=\u00bb4.21.0&#8243; _module_preset=\u00bbf9ab6918-652e-4532-ba3e-f657c28df53f\u00bb background_color=\u00bbgcid-cc089cd5-3da9-4d63-a7e1-04fbecdd3d67&#8243; global_colors_info=\u00bb{%22gcid-cc089cd5-3da9-4d63-a7e1-04fbecdd3d67%22:%91%22background_color%22%93}\u00bb][et_pb_row _builder_version=\u00bb4.21.0&#8243; _module_preset=\u00bb126ce2d4-8ee6-4926-a9d7-a28071ed68d8&#8243; global_colors_info=\u00bb{}\u00bb][et_pb_column type=\u00bb4_4&#8243; admin_label=\u00bbSpalte\u00bb _builder_version=\u00bb4.21.0&#8243; _module_preset=\u00bbdefault\u00bb global_colors_info=\u00bb{}\u00bb][dica_divi_carousel show_items_tablet=\u00bb2&#8243; title_padding=\u00bb||54px||false|false\u00bb title_padding_tablet=\u00bb||20px||false|false\u00bb title_padding_phone=\u00bb||20px||false|false\u00bb title_padding_last_edited=\u00bbon|phone\u00bb content_container_padding_phone=\u00bb30px|28px|30px|28px|false|false\u00bb admin_label=\u00bbDivi Carousel\u00bb _builder_version=\u00bb4.21.0&#8243; _module_preset=\u00bbe0e13787-200d-4cbc-abd0-a9d25c3c5a23&#8243; global_colors_info=\u00bb{%22gcid-8d004b11-584e-4716-8158-78133c0b6f77%22:%91%22title_text_color%22,%22arrow_nav_color%22%93}\u00bb][dica_divi_carouselitem title=\u00bbSISTEMAS M\u00c9DICOS OHB\u00bb button_text=\u00bbver m\u00e1s\u00bb button_url=\u00bbhttps:\/\/hmschambers.com\/es\/productos\/sistemas-medicos-ohb\/\u00bb button_url_new_window=\u00bb1&#8243; image=\u00bbhttps:\/\/hmschambers.com\/wp-content\/uploads\/2023\/08\/HMS_Clinical_Hyperbaric_Medicine_Solutions_min.jpg\u00bb image_padding=\u00bb||||false|false\u00bb content_padding=\u00bb||||false|false\u00bb button_margin=\u00bb||||false|false\u00bb button_padding=\u00bb||||false|false\u00bb custom_margin=\u00bb||||false|false\u00bb custom_padding=\u00bb||||false|false\u00bb _builder_version=\u00bb4.21.0&#8243; _module_preset=\u00bbdefault\u00bb header_level=\u00bbh3&#8243; header_font=\u00bb|700|||||||\u00bb header_text_color=\u00bbgcid-8d004b11-584e-4716-8158-78133c0b6f77&#8243; global_colors_info=\u00bb{%22gcid-8d004b11-584e-4716-8158-78133c0b6f77%22:%91%22header_text_color%22%93}\u00bb] HMS se especializa sistemas OHB en diversos tama\u00f1os y configuraciones, para satisfacer las necesidades de nuestros clientes en hospitales y centros m\u00e9dicos&#8230; [\/dica_divi_carouselitem][dica_divi_carouselitem title=\u00bbC\u00c1MARAS DE PRUEBAS E INVESTIGACI\u00d3N\u00bb button_text=\u00bbver m\u00e1s\u00bb button_url=\u00bbhttps:\/\/hmschambers.com\/es\/productos\/camaras-de-pruebas-e-investigacion\/\u00bb button_url_new_window=\u00bb1&#8243; image=\u00bbhttps:\/\/hmschambers.com\/wp-content\/uploads\/2023\/08\/HMS_HBOT_Research_Incubator_700x524_min.jpg\u00bb image_padding=\u00bb||||false|false\u00bb content_padding=\u00bb||||false|false\u00bb button_margin=\u00bb||||false|false\u00bb button_padding=\u00bb||||false|false\u00bb custom_margin=\u00bb||||false|false\u00bb custom_padding=\u00bb||||false|false\u00bb _builder_version=\u00bb4.21.0&#8243; _module_preset=\u00bbdefault\u00bb header_level=\u00bbh3&#8243; header_font=\u00bb|700|||||||\u00bb header_text_color=\u00bbgcid-8d004b11-584e-4716-8158-78133c0b6f77&#8243; global_colors_info=\u00bb{%22gcid-8d004b11-584e-4716-8158-78133c0b6f77%22:%91%22header_text_color%22%93}\u00bb] HMS dise\u00f1a, produce y entrega c\u00e1maras para todos tipos de ambientes comprimidos. Producimos nuestras c\u00e1maras de pruebas seg\u00fan est\u00e1ndares de seguridad nacionales e internacionales&#8230; [\/dica_divi_carouselitem][dica_divi_carouselitem title=\u00bbSISTEMAS DE BUCEO &#038; SIMULADORES\u00bb button_text=\u00bbver m\u00e1s\u00bb button_url=\u00bbhttps:\/\/hmschambers.com\/es\/productos\/tecnologia-de-buceo\/\u00bb button_url_new_window=\u00bb1&#8243; image=\u00bbhttps:\/\/hmschambers.com\/wp-content\/uploads\/2023\/08\/HMS_Diving_Simulator_min.jpg\u00bb image_padding=\u00bb||||false|false\u00bb content_padding=\u00bb||||false|false\u00bb button_margin=\u00bb||||false|false\u00bb button_padding=\u00bb||||false|false\u00bb custom_margin=\u00bb||||false|false\u00bb custom_padding=\u00bb||||false|false\u00bb _builder_version=\u00bb4.21.0&#8243; _module_preset=\u00bbdefault\u00bb header_level=\u00bbh3&#8243; header_font=\u00bb|700|||||||\u00bb header_text_color=\u00bbgcid-8d004b11-584e-4716-8158-78133c0b6f77&#8243; global_colors_info=\u00bb{%22gcid-8d004b11-584e-4716-8158-78133c0b6f77%22:%91%22header_text_color%22%93}\u00bb] HMS proporciona nuevo equipamiento para buceo o inspecciones de c\u00e1maras de decompresi\u00f3n, sistemas de recompresi\u00f3n transportables, sistemas de saturaci\u00f3n y sistemas hiperb\u00e1ricos de buceo en contenedores&#8230; [\/dica_divi_carouselitem][\/dica_divi_carousel][\/et_pb_column][\/et_pb_row][et_pb_row _builder_version=\u00bb4.21.0&#8243; _module_preset=\u00bb126ce2d4-8ee6-4926-a9d7-a28071ed68d8&#8243; custom_padding=\u00bb108px||||false|false\u00bb custom_padding_tablet=\u00bb20px||||false|false\u00bb custom_padding_phone=\u00bb20px||||false|false\u00bb global_colors_info=\u00bb{}\u00bb][et_pb_column type=\u00bb4_4&#8243; admin_label=\u00bbSpalte\u00bb _builder_version=\u00bb4.21.0&#8243; _module_preset=\u00bbdefault\u00bb global_colors_info=\u00bb{}\u00bb][dica_divi_carousel show_items_tablet=\u00bb2&#8243; arrow_nav=\u00bboff\u00bb simulatetouch=\u00bbon\u00bb admin_label=\u00bbDivi Carousel\u00bb _builder_version=\u00bb4.21.0&#8243; _module_preset=\u00bbe0e13787-200d-4cbc-abd0-a9d25c3c5a23&#8243; global_colors_info=\u00bb{%22gcid-8d004b11-584e-4716-8158-78133c0b6f77%22:%91%22title_text_color%22,%22arrow_nav_color%22%93}\u00bb][dica_divi_carouselitem title=\u00bbCONSTRUCCI\u00d3N DE T\u00daNELES\u00bb button_text=\u00bbver m\u00e1s\u00bb button_url=\u00bbhttps:\/\/hmschambers.com\/es\/productos\/tecnologia-de-tuneles\/\u00bb button_url_new_window=\u00bb1&#8243; image=\u00bbhttps:\/\/hmschambers.com\/wp-content\/uploads\/2023\/08\/HMS_Compressed_Air_Work_Hyperbaric_Chamber_min.jpg\u00bb image_padding=\u00bb||||false|false\u00bb content_padding=\u00bb||||false|false\u00bb button_margin=\u00bb||||false|false\u00bb button_padding=\u00bb||||false|false\u00bb custom_margin=\u00bb||||false|false\u00bb custom_padding=\u00bb||||false|false\u00bb _builder_version=\u00bb4.21.0&#8243; _module_preset=\u00bbdefault\u00bb header_level=\u00bbh3&#8243; header_font=\u00bb|700|||||||\u00bb header_text_color=\u00bbgcid-8d004b11-584e-4716-8158-78133c0b6f77&#8243; global_colors_info=\u00bb{%22gcid-8d004b11-584e-4716-8158-78133c0b6f77%22:%91%22header_text_color%22%93}\u00bb] HMS apoya proyectos de construcci\u00f3n que trabajan con aire comprimido y tuneladoras con esclusas, sistemas transportadores, sistemas de saturaci\u00f3n y sistemas hiperb\u00e1ricos m\u00e9dicos&#8230; [\/dica_divi_carouselitem][\/dica_divi_carousel][\/et_pb_column][\/et_pb_row][\/et_pb_section]<\/p>\n","protected":false},"excerpt":{"rendered":"<p>Productos HYPERBARIC MODULAR SYSTEMS, INC. (HMS)Para soluciones confiables por sus necesidades en la oxigenoterapia hiperb\u00e1rica (OHB), HMS ofrece experiencia extensa en el dise\u00f1o, la producci\u00f3n, instalaci\u00f3n y el mantenimiento de sistemas hiperb\u00e1ricos de diversos tama\u00f1os. En todo el mundo se utilizan nuestros sistemas OHB, el buceo, los simuladores y en c\u00e1maras usadas para la investigaci\u00f3n [&hellip;]<\/p>\n","protected":false},"author":1,"featured_media":0,"parent":0,"menu_order":100,"comment_status":"closed","ping_status":"closed","template":"","meta":{"_et_pb_use_builder":"on","_et_pb_old_content":"","_et_gb_content_width":"","_relevanssi_hide_post":"","_relevanssi_hide_content":"","_relevanssi_pin_for_all":"","_relevanssi_pin_keywords":"","_relevanssi_unpin_keywords":"","_relevanssi_related_keywords":"","_relevanssi_related_include_ids":"","_relevanssi_related_exclude_ids":"","_relevanssi_related_no_append":"","_relevanssi_related_not_related":"","_relevanssi_related_posts":"","_relevanssi_noindex_reason":"","footnotes":""},"class_list":["post-241182","page","type-page","status-publish","hentry"],"_links":{"self":[{"href":"https:\/\/hmschambers.com\/es\/wp-json\/wp\/v2\/pages\/241182","targetHints":{"allow":["GET"]}}],"collection":[{"href":"https:\/\/hmschambers.com\/es\/wp-json\/wp\/v2\/pages"}],"about":[{"href":"https:\/\/hmschambers.com\/es\/wp-json\/wp\/v2\/types\/page"}],"author":[{"embeddable":true,"href":"https:\/\/hmschambers.com\/es\/wp-json\/wp\/v2\/users\/1"}],"replies":[{"embeddable":true,"href":"https:\/\/hmschambers.com\/es\/wp-json\/wp\/v2\/comments?post=241182"}],"version-history":[{"count":7,"href":"https:\/\/hmschambers.com\/es\/wp-json\/wp\/v2\/pages\/241182\/revisions"}],"predecessor-version":[{"id":241457,"href":"https:\/\/hmschambers.com\/es\/wp-json\/wp\/v2\/pages\/241182\/revisions\/241457"}],"wp:attachment":[{"href":"https:\/\/hmschambers.com\/es\/wp-json\/wp\/v2\/media?parent=241182"}],"curies":[{"name":"wp","href":"https:\/\/api.w.org\/{rel}","templated":true}]}}