{"id":241184,"date":"2023-08-17T10:41:04","date_gmt":"2023-08-17T08:41:04","guid":{"rendered":"https:\/\/hmschambers.com\/?page_id=241184"},"modified":"2023-11-09T13:34:16","modified_gmt":"2023-11-09T12:34:16","slug":"camaras-de-pruebas-e-investigacion","status":"publish","type":"page","link":"https:\/\/hmschambers.com\/es\/productos\/camaras-de-pruebas-e-investigacion\/","title":{"rendered":"C\u00e1maras de pruebas e investigaci\u00f3n"},"content":{"rendered":"<p>[et_pb_section fb_built=\u00bb1&#8243; admin_label=\u00bbSlider\u00bb _builder_version=\u00bb4.21.0&#8243; _module_preset=\u00bb9b18e097-1f9d-4d78-ac27-be4a0345d176&#8243; width=\u00bb100%\u00bb max_width=\u00bb100%\u00bb custom_padding=\u00bb0px||0px||false|false\u00bb custom_padding_tablet=\u00bb0px||0px||false|false\u00bb custom_padding_phone=\u00bb0px||0px||false|false\u00bb global_colors_info=\u00bb{}\u00bb][et_pb_row _builder_version=\u00bb4.21.0&#8243; _module_preset=\u00bb64bd95c7-ff3a-499c-8808-b3da0a234491&#8243; background_enable_color=\u00bboff\u00bb width=\u00bb100%\u00bb width_tablet=\u00bb100%\u00bb width_phone=\u00bb100%\u00bb width_last_edited=\u00bbon|desktop\u00bb max_width=\u00bb100%\u00bb module_alignment=\u00bbleft\u00bb custom_margin=\u00bb0px||0px||false|false\u00bb custom_margin_tablet=\u00bb|0px||0px|false|false\u00bb custom_padding=\u00bb0px||0px||false|false\u00bb custom_padding_tablet=\u00bb|0px||0px|false|true\u00bb global_colors_info=\u00bb{}\u00bb][et_pb_column type=\u00bb4_4&#8243; _builder_version=\u00bb4.21.0&#8243; _module_preset=\u00bbdefault\u00bb background_enable_color=\u00bboff\u00bb global_colors_info=\u00bb{}\u00bb][et_pb_slider _builder_version=\u00bb4.21.0&#8243; _module_preset=\u00bb46a18e83-b8d3-4a06-9227-332a30e792df\u00bb content_max_width=\u00bb1450px\u00bb custom_margin=\u00bb|0px||0px|false|false\u00bb custom_padding=\u00bb294px|0px|200px|0px|false|false\u00bb custom_padding_tablet=\u00bb180px|0px|180px|0px|false|false\u00bb header_font_size_tablet=\u00bb\u00bb header_font_size_phone=\u00bb39px\u00bb header_font_size_last_edited=\u00bbon|tablet\u00bb body_font_size_phone=\u00bb39px\u00bb global_colors_info=\u00bb{}\u00bb][et_pb_slide _builder_version=\u00bb4.21.0&#8243; _module_preset=\u00bbc94c7d37-4194-49ed-86ad-e0d81b4c9c6f\u00bb background_image=\u00bbhttps:\/\/hmschambers.com\/wp-content\/uploads\/2023\/11\/Products_Test_Chambers_HMS_D.jpg\u00bb custom_padding=\u00bb|0px||0px|false|false\u00bb global_colors_info=\u00bb{}\u00bb sticky_transition=\u00bbon\u00bb][\/et_pb_slide][\/et_pb_slider][\/et_pb_column][\/et_pb_row][\/et_pb_section][et_pb_section fb_built=\u00bb1&#8243; admin_label=\u00bbWillkommen\u00bb _builder_version=\u00bb4.21.0&#8243; _module_preset=\u00bb9b18e097-1f9d-4d78-ac27-be4a0345d176&#8243; global_colors_info=\u00bb{}\u00bb][et_pb_row _builder_version=\u00bb4.21.0&#8243; _module_preset=\u00bb64bd95c7-ff3a-499c-8808-b3da0a234491&#8243; custom_margin_tablet=\u00bb||0px||false|false\u00bb custom_margin_phone=\u00bb||0px||false|false\u00bb custom_margin_last_edited=\u00bbon|phone\u00bb custom_padding_tablet=\u00bb||0px||false|false\u00bb custom_padding_phone=\u00bb||0px||false|false\u00bb global_colors_info=\u00bb{}\u00bb][et_pb_column type=\u00bb4_4&#8243; _builder_version=\u00bb4.21.0&#8243; _module_preset=\u00bbdefault\u00bb global_colors_info=\u00bb{}\u00bb][et_pb_text _builder_version=\u00bb4.21.0&#8243; _module_preset=\u00bbb2ab093d-7da1-46e4-b868-c6e1aba24550&#8243; global_colors_info=\u00bb{}\u00bb]<\/p>\n<h1><strong>HYPERBARIC MODULAR SYSTEMS, INC. (HMS) &#8211; c\u00e1maras de pruebas e investigaci\u00f3n<\/strong><\/h1>\n<h2><span style=\"text-decoration: underline;\">Destacada en la investigaci\u00f3n, especificaciones del cliente, altos est\u00e1ndares internacionales<\/span><\/h2>\n<p>[\/et_pb_text][\/et_pb_column][\/et_pb_row][et_pb_row custom_padding_last_edited=\u00bbon|desktop\u00bb _builder_version=\u00bb4.21.0&#8243; _module_preset=\u00bba7bc3593-e651-43ad-b02d-1087387f6e10&#8243; custom_padding_tablet=\u00bb0px||||false|true\u00bb custom_padding_phone=\u00bb0px||||false|true\u00bb global_colors_info=\u00bb{}\u00bb][et_pb_column type=\u00bb4_4&#8243; _builder_version=\u00bb4.21.0&#8243; _module_preset=\u00bbdefault\u00bb global_colors_info=\u00bb{}\u00bb][et_pb_text _builder_version=\u00bb4.21.0&#8243; _module_preset=\u00bbe387612d-d1a9-4080-8256-7f0ea5a3c228&#8243; border_style_bottom=\u00bbnone\u00bb global_colors_info=\u00bb{}\u00bb]<\/p>\n<p>HMS dise\u00f1a, produce y entrega sistemas de c\u00e1maras hiperb\u00e1ricas para todos tipos de ambientes comprimidos. Producimos nuestras c\u00e1maras de pruebas seg\u00fan est\u00e1ndares nacionales e internacionales.<\/p>\n<p>&nbsp;<\/p>\n<p>Algunas caracter\u00edsticas de nuestras c\u00e1maras de pruebas e investigaci\u00f3n:<\/p>\n<ul>\n<li>Construidas seg\u00fan las necesidades del cliente<\/li>\n<li>Aplicaci\u00f3n: empresas qu\u00edmicas, laboratorios, subcontratistas de la industria automovil\u00edstica, etc.<\/li>\n<li>Construidas para resistir explosiones con fuerza de 155 bar (156 ATA)<\/li>\n<\/ul>\n<p>P\u00f3ngase en contacto con nosotros as\u00ed podremos saber de sus necesidades espec\u00edficas y apoyar su proyecto seg\u00fan sus requerimientos.<\/p>\n<p>[\/et_pb_text][\/et_pb_column][\/et_pb_row][\/et_pb_section][et_pb_section fb_built=\u00bb1&#8243; custom_padding_last_edited=\u00bbon|tablet\u00bb admin_label=\u00bbNews HAUX-LIFE-SUPPORT\u00bb _builder_version=\u00bb4.21.0&#8243; _module_preset=\u00bb9b18e097-1f9d-4d78-ac27-be4a0345d176&#8243; background_color=\u00bbRGBA(255,255,255,0)\u00bb background_image=\u00bbhttps:\/\/hmschambers.com\/wp-content\/uploads\/2023\/06\/827aa74837e28e0ff72c3c9487b38e28.jpg\u00bb custom_padding=\u00bb||||false|false\u00bb custom_padding_tablet=\u00bb||||false|false\u00bb custom_padding_phone=\u00bb||||false|false\u00bb global_colors_info=\u00bb{}\u00bb theme_builder_area=\u00bbpost_content\u00bb][et_pb_row _builder_version=\u00bb4.21.0&#8243; _module_preset=\u00bb126ce2d4-8ee6-4926-a9d7-a28071ed68d8&#8243; hover_enabled=\u00bb0&#8243; global_colors_info=\u00bb{}\u00bb theme_builder_area=\u00bbpost_content\u00bb sticky_enabled=\u00bb0&#8243;][et_pb_column type=\u00bb4_4&#8243; admin_label=\u00bbSpalte\u00bb _builder_version=\u00bb4.21.0&#8243; _module_preset=\u00bbdefault\u00bb global_colors_info=\u00bb{}\u00bb theme_builder_area=\u00bbpost_content\u00bb][dica_divi_carousel show_items_tablet=\u00bb2&#8243; arrow_nav_color=\u00bbgcid-8d004b11-584e-4716-8158-78133c0b6f77&#8243; arrow_position_tablet=\u00bbmiddle-inside\u00bb arrow_position_phone=\u00bbmiddle-inside\u00bb arrow_font_size_phone=\u00bb40px\u00bb admin_label=\u00bbDivi Carousel\u00bb _builder_version=\u00bb4.21.0&#8243; _module_preset=\u00bb64116dcd-273f-42c9-8492-38d56cc7900c\u00bb title_text_color=\u00bbgcid-8d004b11-584e-4716-8158-78133c0b6f77&#8243; hover_enabled=\u00bb0&#8243; global_colors_info=\u00bb{%22gcid-8d004b11-584e-4716-8158-78133c0b6f77%22:%91%22arrow_nav_color%22,%22title_text_color%22%93}\u00bb theme_builder_area=\u00bbpost_content\u00bb sticky_enabled=\u00bb0&#8243;][dica_divi_carouselitem _builder_version=\u00bb4.21.0&#8243; _module_preset=\u00bbdefault\u00bb theme_builder_area=\u00bbpost_content\u00bb title_text=\u00bbHMS_HBOT_Research_Incubator_700x524_min\u00bb image=\u00bbhttps:\/\/hmschambers.com\/wp-content\/uploads\/2023\/08\/HMS_HBOT_Research_Incubator_700x524_min.jpg\u00bb hover_enabled=\u00bb0&#8243; sticky_enabled=\u00bb0&#8243;][\/dica_divi_carouselitem][dica_divi_carouselitem _builder_version=\u00bb4.21.0&#8243; _module_preset=\u00bbdefault\u00bb theme_builder_area=\u00bbpost_content\u00bb title_text=\u00bbTest_and_Research_Hyperbaric_Chambers_003_500x375&#8243; image=\u00bbhttps:\/\/hmschambers.com\/wp-content\/uploads\/2023\/08\/Test_and_Research_Hyperbaric_Chambers_003_500x375.jpg\u00bb hover_enabled=\u00bb0&#8243; sticky_enabled=\u00bb0&#8243;][\/dica_divi_carouselitem][dica_divi_carouselitem _builder_version=\u00bb4.21.0&#8243; _module_preset=\u00bbdefault\u00bb theme_builder_area=\u00bbpost_content\u00bb title_text=\u00bbP3688_HMS_62-500A_hp-autoclave\u00bb image=\u00bbhttps:\/\/hmschambers.com\/wp-content\/uploads\/2023\/08\/P3688_HMS_62-500A_hp-autoclave.jpg\u00bb hover_enabled=\u00bb0&#8243; sticky_enabled=\u00bb0&#8243;][\/dica_divi_carouselitem][dica_divi_carouselitem _builder_version=\u00bb4.21.0&#8243; _module_preset=\u00bbdefault\u00bb theme_builder_area=\u00bbpost_content\u00bb title_text=\u00bbTest_and_Research_Hyperbaric_Chambers_005_700x524&#8243; image=\u00bbhttps:\/\/hmschambers.com\/wp-content\/uploads\/2023\/08\/Test_and_Research_Hyperbaric_Chambers_005_700x524.jpg\u00bb hover_enabled=\u00bb0&#8243; sticky_enabled=\u00bb0&#8243;][\/dica_divi_carouselitem][dica_divi_carouselitem _builder_version=\u00bb4.21.0&#8243; _module_preset=\u00bbdefault\u00bb theme_builder_area=\u00bbpost_content\u00bb title_text=\u00bbHMS-TESTCOM_300-76_test_chamber_US-Navy_1_500x375_min\u00bb image=\u00bbhttps:\/\/hmschambers.com\/wp-content\/uploads\/2023\/08\/HMS-TESTCOM_300-76_test_chamber_US-Navy_1_500x375_min.jpg\u00bb hover_enabled=\u00bb0&#8243; sticky_enabled=\u00bb0&#8243;][\/dica_divi_carouselitem][dica_divi_carouselitem _builder_version=\u00bb4.21.0&#8243; _module_preset=\u00bbdefault\u00bb theme_builder_area=\u00bbpost_content\u00bb title_text=\u00bbHMS-TESTCOM_300-76_test_chamber_US-Navy_2_500x375_min\u00bb image=\u00bbhttps:\/\/hmschambers.com\/wp-content\/uploads\/2023\/08\/HMS-TESTCOM_300-76_test_chamber_US-Navy_2_500x375_min.jpg\u00bb hover_enabled=\u00bb0&#8243; sticky_enabled=\u00bb0&#8243;][\/dica_divi_carouselitem][\/dica_divi_carousel][\/et_pb_column][\/et_pb_row][\/et_pb_section]<\/p>\n","protected":false},"excerpt":{"rendered":"<p>HYPERBARIC MODULAR SYSTEMS, INC. (HMS) &#8211; c\u00e1maras de pruebas e investigaci\u00f3n Destacada en la investigaci\u00f3n, especificaciones del cliente, altos est\u00e1ndares internacionalesHMS dise\u00f1a, produce y entrega sistemas de c\u00e1maras hiperb\u00e1ricas para todos tipos de ambientes comprimidos. Producimos nuestras c\u00e1maras de pruebas seg\u00fan est\u00e1ndares nacionales e internacionales. &nbsp; Algunas caracter\u00edsticas de nuestras c\u00e1maras de pruebas e investigaci\u00f3n: [&hellip;]<\/p>\n","protected":false},"author":1,"featured_media":0,"parent":241182,"menu_order":20,"comment_status":"closed","ping_status":"closed","template":"","meta":{"_et_pb_use_builder":"on","_et_pb_old_content":"","_et_gb_content_width":"","_relevanssi_hide_post":"","_relevanssi_hide_content":"","_relevanssi_pin_for_all":"","_relevanssi_pin_keywords":"","_relevanssi_unpin_keywords":"","_relevanssi_related_keywords":"","_relevanssi_related_include_ids":"","_relevanssi_related_exclude_ids":"","_relevanssi_related_no_append":"","_relevanssi_related_not_related":"","_relevanssi_related_posts":"","_relevanssi_noindex_reason":"","footnotes":""},"class_list":["post-241184","page","type-page","status-publish","hentry"],"_links":{"self":[{"href":"https:\/\/hmschambers.com\/es\/wp-json\/wp\/v2\/pages\/241184","targetHints":{"allow":["GET"]}}],"collection":[{"href":"https:\/\/hmschambers.com\/es\/wp-json\/wp\/v2\/pages"}],"about":[{"href":"https:\/\/hmschambers.com\/es\/wp-json\/wp\/v2\/types\/page"}],"author":[{"embeddable":true,"href":"https:\/\/hmschambers.com\/es\/wp-json\/wp\/v2\/users\/1"}],"replies":[{"embeddable":true,"href":"https:\/\/hmschambers.com\/es\/wp-json\/wp\/v2\/comments?post=241184"}],"version-history":[{"count":9,"href":"https:\/\/hmschambers.com\/es\/wp-json\/wp\/v2\/pages\/241184\/revisions"}],"predecessor-version":[{"id":241482,"href":"https:\/\/hmschambers.com\/es\/wp-json\/wp\/v2\/pages\/241184\/revisions\/241482"}],"up":[{"embeddable":true,"href":"https:\/\/hmschambers.com\/es\/wp-json\/wp\/v2\/pages\/241182"}],"wp:attachment":[{"href":"https:\/\/hmschambers.com\/es\/wp-json\/wp\/v2\/media?parent=241184"}],"curies":[{"name":"wp","href":"https:\/\/api.w.org\/{rel}","templated":true}]}}