{"id":241190,"date":"2023-08-17T13:58:37","date_gmt":"2023-08-17T11:58:37","guid":{"rendered":"https:\/\/hmschambers.com\/?page_id=241190"},"modified":"2023-11-07T11:31:03","modified_gmt":"2023-11-07T10:31:03","slug":"aviso-de-privacidad","status":"publish","type":"page","link":"https:\/\/hmschambers.com\/es\/aviso-de-privacidad\/","title":{"rendered":"Aviso de privacidad"},"content":{"rendered":"<p>[et_pb_section fb_built=\u00bb1&#8243; admin_label=\u00bbSlider\u00bb _builder_version=\u00bb4.21.0&#8243; _module_preset=\u00bb9b18e097-1f9d-4d78-ac27-be4a0345d176&#8243; width=\u00bb100%\u00bb max_width=\u00bb100%\u00bb custom_padding=\u00bb0px||0px||false|false\u00bb custom_padding_tablet=\u00bb0px||0px||false|false\u00bb custom_padding_phone=\u00bb0px||0px||false|false\u00bb global_colors_info=\u00bb{}\u00bb][et_pb_row _builder_version=\u00bb4.21.0&#8243; _module_preset=\u00bb64bd95c7-ff3a-499c-8808-b3da0a234491&#8243; background_enable_color=\u00bboff\u00bb width=\u00bb100%\u00bb width_tablet=\u00bb100%\u00bb width_phone=\u00bb100%\u00bb width_last_edited=\u00bbon|desktop\u00bb max_width=\u00bb100%\u00bb module_alignment=\u00bbleft\u00bb custom_margin=\u00bb0px||0px||false|false\u00bb custom_margin_tablet=\u00bb|0px||0px|false|false\u00bb custom_padding=\u00bb0px||0px||false|false\u00bb custom_padding_tablet=\u00bb|0px||0px|false|true\u00bb global_colors_info=\u00bb{}\u00bb][et_pb_column type=\u00bb4_4&#8243; _builder_version=\u00bb4.21.0&#8243; _module_preset=\u00bbdefault\u00bb background_enable_color=\u00bboff\u00bb global_colors_info=\u00bb{}\u00bb][et_pb_slider _builder_version=\u00bb4.21.0&#8243; _module_preset=\u00bb46a18e83-b8d3-4a06-9227-332a30e792df\u00bb content_max_width=\u00bb1450px\u00bb custom_margin=\u00bb|0px||0px|false|false\u00bb custom_padding=\u00bb294px|0px|200px|0px|false|false\u00bb custom_padding_tablet=\u00bb180px|0px|180px|0px|false|false\u00bb hover_enabled=\u00bb0&#8243; header_font_size_tablet=\u00bb\u00bb header_font_size_phone=\u00bb39px\u00bb header_font_size_last_edited=\u00bbon|tablet\u00bb body_font_size_phone=\u00bb39px\u00bb global_colors_info=\u00bb{}\u00bb sticky_enabled=\u00bb0&#8243;][et_pb_slide _builder_version=\u00bb4.21.0&#8243; _module_preset=\u00bbc94c7d37-4194-49ed-86ad-e0d81b4c9c6f\u00bb background_image=\u00bbhttps:\/\/hmschambers.com\/wp-content\/uploads\/2023\/11\/Contact_Imprint_Privacy_HMS_D.jpg\u00bb custom_padding=\u00bb|0px||0px|false|false\u00bb hover_enabled=\u00bb0&#8243; global_colors_info=\u00bb{}\u00bb sticky_transition=\u00bbon\u00bb title_text=\u00bbContact_Imprint_Privacy_HMS_D\u00bb sticky_enabled=\u00bb0&#8243;][\/et_pb_slide][\/et_pb_slider][\/et_pb_column][\/et_pb_row][\/et_pb_section][et_pb_section fb_built=\u00bb1&#8243; _builder_version=\u00bb4.21.0&#8243; _module_preset=\u00bb9b18e097-1f9d-4d78-ac27-be4a0345d176&#8243; background_image=\u00bbhttps:\/\/hmschambers.com\/wp-content\/uploads\/2023\/06\/827aa74837e28e0ff72c3c9487b38e28.jpg\u00bb global_colors_info=\u00bb{}\u00bb][et_pb_row _builder_version=\u00bb4.21.0&#8243; _module_preset=\u00bb64bd95c7-ff3a-499c-8808-b3da0a234491&#8243; global_colors_info=\u00bb{}\u00bb][et_pb_column type=\u00bb4_4&#8243; _builder_version=\u00bb4.21.0&#8243; _module_preset=\u00bbdefault\u00bb global_colors_info=\u00bb{}\u00bb][et_pb_text _builder_version=\u00bb4.21.0&#8243; _module_preset=\u00bbdefault\u00bb global_colors_info=\u00bb{}\u00bb]<\/p>\n<h2><strong>HYPERBARIC MODULAR SYSTEMS, INC. (HMS)<\/strong><\/h2>\n<h2><span style=\"text-decoration: underline;\">Aviso de privacidad <\/span><\/h2>\n<p>Este aviso de privacidad describe nuestras pr\u00e1cticas de recopilaci\u00f3n, uso y proclamaci\u00f3n de sus datos personales a trav\u00e9s de esta HYPERBARIC MODULAR SYSTEMS, INC. (HMS) p\u00e1gina web.<\/p>\n<p>[\/et_pb_text][et_pb_accordion open_toggle_background_color=\u00bb#FFFFFF\u00bb closed_toggle_background_color=\u00bb#FFFFFF\u00bb toggle_icon=\u00bb&#x32;||divi||400&#8243; _builder_version=\u00bb4.21.0&#8243; _module_preset=\u00bb6f44e516-7d5a-4267-9286-4262b7fe7f18&#8243; closed_toggle_font=\u00bb||||||||\u00bb background_color=\u00bbRGBA(255,255,255,0)\u00bb global_colors_info=\u00bb{}\u00bb][et_pb_accordion_item title=\u00bbI. COMPROMISO DE HMS A LA PROTECCI\u00d3N DE DATOS PRIVADOS\u00bb open=\u00bbon\u00bb _builder_version=\u00bb4.21.0&#8243; _module_preset=\u00bbdefault\u00bb global_colors_info=\u00bb{}\u00bb]<\/p>\n<p>Para HMS es importante proteger la seguridad y privacidad de sus datos personales. Esperamos que la pol\u00edtica mostrada acontinuaci\u00f3n ayudar\u00e1 a entender cuales datos se recopilan, como estos datos son usados y asegurados y con qui\u00e9n pueden ser compartidos.<\/p>\n<p>[\/et_pb_accordion_item][et_pb_accordion_item title=\u00bbII. DATOS PERSONALES\u00bb _builder_version=\u00bb4.21.0&#8243; _module_preset=\u00bbdefault\u00bb global_colors_info=\u00bb{}\u00bb open=\u00bboff\u00bb]<\/p>\n<p>A trav\u00e9s de nuestra p\u00e1gina web, HMS no recopilar\u00e1 ning\u00fanos de sus datos (como p. ej. su nombre, direcci\u00f3n, n\u00famero de tel\u00e9fono o correo electr\u00f3nico) a no ser que usted los ofrezca voluntariamente (p. ej. a trav\u00e9s de registro, encuesta o un pedido) o si es necesario debido a derechos y regulaciones aplicables. De vez en cuando puede ser que colectamos algunos datos personales a trav\u00e9s de otras fuentes que de nuestra p\u00e1gina web. Los datos personales de diversas fuentes pueden ser combinados.<\/p>\n<p>[\/et_pb_accordion_item][et_pb_accordion_item title=\u00bbIII. COLECCI\u00d3N AUTOM\u00c1TICA DE DATOS\u00bb _builder_version=\u00bb4.21.0&#8243; _module_preset=\u00bbdefault\u00bb global_colors_info=\u00bb{}\u00bb open=\u00bboff\u00bb]<\/p>\n<p>Cuando accede a nuestra p\u00e1gina web o a nuestras aplicaciones m\u00f3viles podemos recopilar datos adicionales automaticamente (sin necesidad de un registro) (p. ej. tipo de browser, direcci\u00f3n IP, sistema operativo usado, nombre dominio de la p\u00e1gina web que le ha redireccionado, n\u00famero de visitas, tiempo pasado en la p\u00e1gina, p\u00e1ginas vistas, informaci\u00f3n sobre su interacci\u00f3n con la p\u00e1gina). Podemos utilizar estos datos y compartirlos con nuestros socios internacionales o terceros para monitorear el atractivo de nuestras p\u00e1ginas web y aplicaciones m\u00f3viles, mejorar el contenido y la capacidad o personalizar el contenido para usted o para otros objetivos de marketing.<\/p>\n<p>[\/et_pb_accordion_item][et_pb_accordion_item title=\u00bbIV. OBJETO DE USO, COMPARTIR\u00bb _builder_version=\u00bb4.21.0&#8243; _module_preset=\u00bbdefault\u00bb global_colors_info=\u00bb{}\u00bb open=\u00bboff\u00bb]<\/p>\n<p>Podemos usar sus datos personales para ofrecer los servicios y funciones de la p\u00e1gina como p. ej. para la administraci\u00f3n de su uso de la p\u00e1gina, para responder a sus preguntas o peticiones, para procesar su pedido, para ofrecer acceso a informaciones o ofertas espec\u00edficas, para verificar su identidad y para apoyar nuestra relaci\u00f3n potencial o existente con usted. HMS puede conservar y procesar datos personales (por nuestra cuenta o por terceros en nombre de HMS) y compartirlos con nuestros socios internacionales (entidades controladas, que controlan o bajo control com\u00fan con HMS) para entender mejor las necesidades de su negocio y mejorar nuestras pr\u00e1cticas de negocio, productos y servicios. Nosotros (o un tercero en nombre de HMS) puede usar los datos personales para contactarles sobre ofertas de apoyo para sus necesidades de negocio o para gestionar investigaciones online para entender mejor las necesidades de nuestros clientes. Podemos recolpilar, usar, publicar y compartir sus datos personales:<\/p>\n<ul>\n<li>Seg\u00fan lo dispuesto en este documento.<\/li>\n<li>Donde sea necesario efectuar sus instrucciones.<\/li>\n<li>Para preparar, negociar o cumplir un contrato con usted.<\/li>\n<li>Seg\u00fan sea necesario para ofrecerle nuestras prestaciones y funciones.<\/li>\n<li>Para crear y administrar su cuenta.<\/li>\n<li>Para verificar su identidad en relaci\u00f3n con otros fines listados aqu\u00ed.<\/li>\n<li>Para comunicarnos con usted con relaci\u00f3n a ofertas de empleo.<\/li>\n<li>Cuando razonablemente creamos que sea requerido por el derecho o la autoridad del gobierno o la justicia.<\/li>\n<li>Como necesidad razonable para implementar nuestros condiciones de uso, para establecer o preservar una demanda o defensa legal, para evitar el fraude o otros actividades ilegales incluyendo ataques en sistemas de tecnolog\u00eda de informaci\u00f3n de HMS o para proteger los derechos de HMS y otros.<\/li>\n<li>Por las razones identificadas cuando los datos fueron recolectados.<\/li>\n<li>Por otra raz\u00f3n directamente relacionada a la raz\u00f3n original para la que se colectaron los datos personales<\/li>\n<\/ul>\n<p>Podemos emplear personas o compa\u00f1\u00edas terceras para organizar y apoyar nuestra p\u00e1gina web, nuestras aplicaciones o los servicios a que correpsonden. Estos terceros pueden acceder a sus datos personales para cumplir estas tareas. No vendemos o comercializamos sus datos personales de otra manera a otros terceros excepto como descrito.<\/p>\n<p>En la medida en que sea necesario para ayudarnos a cumplir con sus pedidos o solicitudes podemos compartir datos personales con socios, compa\u00f1\u00edas postales, compa\u00f1\u00edas de log\u00edstica o agentes\/autoridades aduaneras.<\/p>\n<p>Podemos transferir y procesar sus datos personales afuera de su pa\u00eds de residencia. Podemos transferir sus datos personales en caso de una venta de toda\/parte de la compa\u00f1\u00eda a cualquier sucesor a trav\u00e9s de una concentraci\u00f3n o de otra manera.<\/p>\n<p>[\/et_pb_accordion_item][et_pb_accordion_item title=\u00bbV. \u201cCOOKIES\u201d \u2013 INFORMACI\u00d3N AUTOMATICAMENTE ALMACENADA EN SU COMPUTADOR O DISPOSITIVO\u00bb _builder_version=\u00bb4.21.0&#8243; _module_preset=\u00bbdefault\u00bb global_colors_info=\u00bb{}\u00bb open=\u00bboff\u00bb]<\/p>\n<p>Cuando visita una de nuestras p\u00e1ginas web podemos guardar algunos datos en su computador o dispositivo en forma de un \u201ccookie\u201d para reconocer su computador o dispositivo la pr\u00f3xima vez que visita. Las cookies nos ayudan de multiples maneras, p. ej. en adaptar nuestra p\u00e1gina web a sus intereses o en guardar su contrase\u00f1a para que no tenga que introducirla cada vez. A trav\u00e9s de visitar nuestra p\u00e1gina web acepta la colocaci\u00f3n de cookies en su navegador y dispositivo seg\u00fan este aviso de privacidad. Si no quiere recibir cookies, tiene que configurar su navegador para que elimine todas las cookies de su computador o dispositivo, bloquee las cookies o env\u00eda un aviso antes de la almenaci\u00f3n de un cookie. Si decide bloquear las cookies puede ser que no puede usar todas funciones de la p\u00e1gina web.<\/p>\n<p>En el alcance en que nuestras p\u00e1ginas web recolectan datos personales sobre las actividades online de un individuo, estas p\u00e1ginas pueden, en nuestra discreci\u00f3n, ser configuradas para permitir recolectar estos datos personales con el tiempo y a trav\u00e9s de diferentes p\u00e1ginas web.<\/p>\n<p>[\/et_pb_accordion_item][et_pb_accordion_item title=\u00bbVI. USO DE AN\u00c1LISIS DE TERCEROS\u00bb _builder_version=\u00bb4.21.0&#8243; _module_preset=\u00bbdefault\u00bb global_colors_info=\u00bb{}\u00bb open=\u00bboff\u00bb]<\/p>\n<p>Nuestras p\u00e1ginas web usan diversos an\u00e1lisis de terceros para mejorar la p\u00e1gina, identificar errores y\/o personalizar el contenido de la p\u00e1gina. Para excluir su computador o dispositivo de la recopilaci\u00f3n de datos y del an\u00e1lisis de terceros debido a su visita de esta p\u00e1gina web, se instala un cookie en su computador o dispositivo. La cookie no contiene datos personales pero permite a los terceros reconocer sus preferencias.<\/p>\n<p>[\/et_pb_accordion_item][et_pb_accordion_item title=\u00bbVII. MARKETING\u00bb _builder_version=\u00bb4.21.0&#8243; _module_preset=\u00bbdefault\u00bb global_colors_info=\u00bb{}\u00bb open=\u00bboff\u00bb] Adem\u00e1s podemos poner un anuncio usando tecnolog\u00eda de marketing online. As\u00ed un tercero colocar\u00e1 o leer\u00e1 una cookie especial de anuncios en su computador o dispositivo y usar\u00e1 la informaci\u00f3n no personal sobre su browser y su actividad en esta p\u00e1gina para mostrar anuncios de HMS en sus redes de contenido. La cookie especial de anuncios es un cookie persistente.[\/et_pb_accordion_item][et_pb_accordion_item title=\u00bbVIII. TRANSFERENCIA INTERNACIONAL DE DATOS\u00bb _builder_version=\u00bb4.21.0&#8243; _module_preset=\u00bbdefault\u00bb global_colors_info=\u00bb{}\u00bb open=\u00bboff\u00bb]<\/p>\n<p>HMS puede transferir sus datos personales a compa\u00f1\u00edas asociadas y a socios internacionales cuando est\u00e9 procesando los datos. Adem\u00e1s podemos transferir sus datos a terceros afuera de su pa\u00eds de origen.<\/p>\n<p>[\/et_pb_accordion_item][et_pb_accordion_item title=\u00bbIX. Do Not Track\u00bb _builder_version=\u00bb4.21.0&#8243; _module_preset=\u00bbdefault\u00bb global_colors_info=\u00bb{}\u00bb open=\u00bboff\u00bb] Actualmente nuestra p\u00e1gina web no reconoce o responde a se\u00f1ales \u201cDo Not Track\u201d.[\/et_pb_accordion_item][et_pb_accordion_item title=\u00bbX. Ni\u00f1os\u00bb _builder_version=\u00bb4.21.0&#8243; _module_preset=\u00bbdefault\u00bb global_colors_info=\u00bb{}\u00bb open=\u00bboff\u00bb] Esta p\u00e1gina web no es para ni\u00f1os menores de trece a\u00f1os. No conscientemente colectaremos datos personales de ni\u00f1os menores de trece a\u00f1os sin insisitir que busquen aprobaci\u00f3n parental si es requerido por el derecho correspondiente. Solo usaremos o publicaremos datos personales de un ni\u00f1o en la medida en que lo permita la ley, para buscar aprobaci\u00f3n parental, seg\u00fan derecho local o para proteger a un ni\u00f1o.[\/et_pb_accordion_item][et_pb_accordion_item title=\u00bbXI. SEGURIDAD\u00bb _builder_version=\u00bb4.21.0&#8243; _module_preset=\u00bbdefault\u00bb global_colors_info=\u00bb{}\u00bb open=\u00bboff\u00bb]<\/p>\n<p>Para proteger sus datos personales de destrucci\u00f3n, p\u00e9rdida, uso, alteraci\u00f3n, publicaci\u00f3n o acceso ilegal o no autorizado, HMS utiliza medidas de seguridad f\u00edsicas, t\u00e9cnicas y organizativas adecuadas. Desgraciadamente no hay garant\u00eda completa de seguridad en transmisi\u00f3n o acumulaci\u00f3n de datos personales que usted transmite. Sus datos personales pueden ser accesados, publicados, alterados o destruidos durante una vulneraci\u00f3n de cualquiera de las medidas f\u00edsicas, t\u00e9cnicas o organizativas.<\/p>\n<p>[\/et_pb_accordion_item][et_pb_accordion_item title=\u00bbXII. DERECHOS DE PRIVACIDAD DE CALIFORNIA\u00bb _builder_version=\u00bb4.21.0&#8243; _module_preset=\u00bbdefault\u00bb global_colors_info=\u00bb{}\u00bb open=\u00bboff\u00bb]<\/p>\n<p>El derecho \u201cShine The Light\u201d en California permite a nuestros clientes con residencia en California anualmente demandar una lista de los datos personales revelados a terceros por razones de marketing en el a\u00f1o actual y los nombres y direcciones de estos terceros. Actualmente no compartimos datos personales con terceros por razones de marketing.<\/p>\n<p>[\/et_pb_accordion_item][et_pb_accordion_item title=\u00bbXIII. PREGUNTAS Y COMENTARIOS\u00bb _builder_version=\u00bb4.21.0&#8243; _module_preset=\u00bbdefault\u00bb global_colors_info=\u00bb{}\u00bb open=\u00bboff\u00bb]<\/p>\n<p>HMS responder\u00e1 a demandas razonables de examinar sus datos personales y corregir, enmendar o borrar cualquieras discrepancias. Si tiene preguntas o comentarios sobre este aviso de privacidad o quiere revisar y actualizar sus datos personales, p\u00f3ngase en contacto con nosotros y env\u00edenos sus preguntas y comentarios.<\/p>\n<p>Podemos actualizar este aviso de privacidad de vez en cuando y publicar los cambios en esta p\u00e1gina. Por favor revise <a href=\"https:\/\/hmschambers.com\/privacy\/\">esta p\u00e1gina<\/a>. regularmente para mantenerse actualizado.<\/p>\n<p>[\/et_pb_accordion_item][et_pb_accordion_item title=\u00bbXIV. LINKS A OTRAS P\u00c1GINAS WEB\u00bb _builder_version=\u00bb4.21.0&#8243; _module_preset=\u00bbdefault\u00bb global_colors_info=\u00bb{}\u00bb open=\u00bboff\u00bb]<\/p>\n<p>Este aviso de privacidad solo aplica a p\u00e1ginas web de HMS que incluyen un link a este aviso de privacidad. Este aviso de privacidad no aplica a p\u00e1ginas de HMS que tienen un link a un otro aviso de privacidad o que no tienen un link a un aviso de privacidad.<\/p>\n<p>Las p\u00e1ginas web y aplicaciones m\u00f3viles de HMS contienen links a otras p\u00e1ginas web que pueden tener sus propios avisos de privacidad. HMS no es reponsable de las pr\u00e1cticas de privacidad o el contenido de otras p\u00e1ginas web.<\/p>\n<p>[\/et_pb_accordion_item][\/et_pb_accordion][\/et_pb_column][\/et_pb_row][\/et_pb_section]<\/p>\n","protected":false},"excerpt":{"rendered":"<p>HYPERBARIC MODULAR SYSTEMS, INC. (HMS) Aviso de privacidad Este aviso de privacidad describe nuestras pr\u00e1cticas de recopilaci\u00f3n, uso y proclamaci\u00f3n de sus datos personales a trav\u00e9s de esta HYPERBARIC MODULAR SYSTEMS, INC. (HMS) p\u00e1gina web.Para HMS es importante proteger la seguridad y privacidad de sus datos personales. Esperamos que la pol\u00edtica mostrada acontinuaci\u00f3n ayudar\u00e1 a [&hellip;]<\/p>\n","protected":false},"author":1,"featured_media":0,"parent":0,"menu_order":500,"comment_status":"closed","ping_status":"closed","template":"","meta":{"_et_pb_use_builder":"on","_et_pb_old_content":"","_et_gb_content_width":"","_relevanssi_hide_post":"","_relevanssi_hide_content":"","_relevanssi_pin_for_all":"","_relevanssi_pin_keywords":"","_relevanssi_unpin_keywords":"","_relevanssi_related_keywords":"","_relevanssi_related_include_ids":"","_relevanssi_related_exclude_ids":"","_relevanssi_related_no_append":"","_relevanssi_related_not_related":"","_relevanssi_related_posts":"","_relevanssi_noindex_reason":"","footnotes":""},"class_list":["post-241190","page","type-page","status-publish","hentry"],"_links":{"self":[{"href":"https:\/\/hmschambers.com\/es\/wp-json\/wp\/v2\/pages\/241190","targetHints":{"allow":["GET"]}}],"collection":[{"href":"https:\/\/hmschambers.com\/es\/wp-json\/wp\/v2\/pages"}],"about":[{"href":"https:\/\/hmschambers.com\/es\/wp-json\/wp\/v2\/types\/page"}],"author":[{"embeddable":true,"href":"https:\/\/hmschambers.com\/es\/wp-json\/wp\/v2\/users\/1"}],"replies":[{"embeddable":true,"href":"https:\/\/hmschambers.com\/es\/wp-json\/wp\/v2\/comments?post=241190"}],"version-history":[{"count":5,"href":"https:\/\/hmschambers.com\/es\/wp-json\/wp\/v2\/pages\/241190\/revisions"}],"predecessor-version":[{"id":241476,"href":"https:\/\/hmschambers.com\/es\/wp-json\/wp\/v2\/pages\/241190\/revisions\/241476"}],"wp:attachment":[{"href":"https:\/\/hmschambers.com\/es\/wp-json\/wp\/v2\/media?parent=241190"}],"curies":[{"name":"wp","href":"https:\/\/api.w.org\/{rel}","templated":true}]}}