{"id":241191,"date":"2023-08-17T13:58:52","date_gmt":"2023-08-17T11:58:52","guid":{"rendered":"https:\/\/hmschambers.com\/?page_id=241191"},"modified":"2023-11-07T11:33:20","modified_gmt":"2023-11-07T10:33:20","slug":"impreso","status":"publish","type":"page","link":"https:\/\/hmschambers.com\/es\/impreso\/","title":{"rendered":"Impreso"},"content":{"rendered":"<p>[et_pb_section fb_built=\u00bb1&#8243; admin_label=\u00bbSlider\u00bb _builder_version=\u00bb4.21.0&#8243; _module_preset=\u00bb9b18e097-1f9d-4d78-ac27-be4a0345d176&#8243; width=\u00bb100%\u00bb max_width=\u00bb100%\u00bb custom_padding=\u00bb0px||0px||false|false\u00bb custom_padding_tablet=\u00bb0px||0px||false|false\u00bb custom_padding_phone=\u00bb0px||0px||false|false\u00bb global_colors_info=\u00bb{}\u00bb][et_pb_row _builder_version=\u00bb4.21.0&#8243; _module_preset=\u00bb64bd95c7-ff3a-499c-8808-b3da0a234491&#8243; background_enable_color=\u00bboff\u00bb width=\u00bb100%\u00bb width_tablet=\u00bb100%\u00bb width_phone=\u00bb100%\u00bb width_last_edited=\u00bbon|desktop\u00bb max_width=\u00bb100%\u00bb module_alignment=\u00bbleft\u00bb custom_margin=\u00bb0px||0px||false|false\u00bb custom_margin_tablet=\u00bb|0px||0px|false|false\u00bb custom_padding=\u00bb0px||0px||false|false\u00bb custom_padding_tablet=\u00bb|0px||0px|false|true\u00bb global_colors_info=\u00bb{}\u00bb][et_pb_column type=\u00bb4_4&#8243; _builder_version=\u00bb4.21.0&#8243; _module_preset=\u00bbdefault\u00bb background_enable_color=\u00bboff\u00bb global_colors_info=\u00bb{}\u00bb][et_pb_slider _builder_version=\u00bb4.21.0&#8243; _module_preset=\u00bb46a18e83-b8d3-4a06-9227-332a30e792df\u00bb content_max_width=\u00bb1450px\u00bb custom_margin=\u00bb|0px||0px|false|false\u00bb custom_padding=\u00bb294px|0px|200px|0px|false|false\u00bb custom_padding_tablet=\u00bb180px|0px|180px|0px|false|false\u00bb hover_enabled=\u00bb0&#8243; header_font_size_tablet=\u00bb\u00bb header_font_size_phone=\u00bb39px\u00bb header_font_size_last_edited=\u00bbon|tablet\u00bb body_font_size_phone=\u00bb39px\u00bb global_colors_info=\u00bb{}\u00bb sticky_enabled=\u00bb0&#8243;][et_pb_slide _builder_version=\u00bb4.21.0&#8243; _module_preset=\u00bbc94c7d37-4194-49ed-86ad-e0d81b4c9c6f\u00bb background_image=\u00bbhttps:\/\/hmschambers.com\/wp-content\/uploads\/2023\/11\/Contact_Imprint_Privacy_HMS_D.jpg\u00bb custom_padding=\u00bb|0px||0px|false|false\u00bb hover_enabled=\u00bb0&#8243; global_colors_info=\u00bb{}\u00bb sticky_transition=\u00bbon\u00bb title_text=\u00bbContact_Imprint_Privacy_HMS_D\u00bb sticky_enabled=\u00bb0&#8243;][\/et_pb_slide][\/et_pb_slider][\/et_pb_column][\/et_pb_row][\/et_pb_section][et_pb_section fb_built=\u00bb1&#8243; _builder_version=\u00bb4.21.0&#8243; _module_preset=\u00bb9b18e097-1f9d-4d78-ac27-be4a0345d176&#8243; background_image=\u00bbhttps:\/\/hmschambers.com\/wp-content\/uploads\/2023\/06\/827aa74837e28e0ff72c3c9487b38e28.jpg\u00bb global_colors_info=\u00bb{}\u00bb][et_pb_row _builder_version=\u00bb4.21.0&#8243; _module_preset=\u00bb64bd95c7-ff3a-499c-8808-b3da0a234491&#8243; global_colors_info=\u00bb{}\u00bb][et_pb_column type=\u00bb4_4&#8243; _builder_version=\u00bb4.21.0&#8243; _module_preset=\u00bbdefault\u00bb global_colors_info=\u00bb{}\u00bb][et_pb_text _builder_version=\u00bb4.21.0&#8243; _module_preset=\u00bbdefault\u00bb global_colors_info=\u00bb{}\u00bb]<\/p>\n<h2><strong>Informaci\u00f3n legal<\/strong><\/h2>\n<h2><span style=\"text-decoration: underline;\">Impreso<\/span><\/h2>\n<p>[\/et_pb_text][et_pb_accordion open_toggle_background_color=\u00bb#FFFFFF\u00bb closed_toggle_background_color=\u00bb#FFFFFF\u00bb toggle_icon=\u00bb&#x32;||divi||400&#8243; _builder_version=\u00bb4.21.0&#8243; _module_preset=\u00bb6f44e516-7d5a-4267-9286-4262b7fe7f18&#8243; closed_toggle_font=\u00bb||||||||\u00bb background_color=\u00bbRGBA(255,255,255,0)\u00bb global_colors_info=\u00bb{}\u00bb][et_pb_accordion_item title=\u00bbI. EL RESPONSABLE\u00bb open=\u00bbon\u00bb _builder_version=\u00bb4.21.0&#8243; _module_preset=\u00bbdefault\u00bb global_colors_info=\u00bb{}\u00bb]<\/p>\n<p><strong>HYPERBARIC MODULAR SYSTEMS, INC. (HMS)<\/strong><br \/>Presidente &amp; CEO: Sr. Adrian Garay<br \/>1663 Pacific Rim Court<br \/>San Diego, CA 92154<br \/>EE. UU.<\/p>\n<p>Tel\u00e9fono:\u00a0<a href=\"tel:+1%20(619) 336-2022\">+1 (619) 336-2022<\/a><br \/>Fax: +1 (619) 336-2017<br \/>E-mail: <a href=\"mailto:info@hmschambers.com\">info@hmschambers.com<\/a><\/p>\n<p>[\/et_pb_accordion_item][et_pb_accordion_item title=\u00bbII. MARCAS REGISTRADAS\u00bb _builder_version=\u00bb4.21.0&#8243; _module_preset=\u00bbdefault\u00bb global_colors_info=\u00bb{}\u00bb open=\u00bboff\u00bb]<\/p>\n<p>Si no se indica lo contrario todas las marcas en nuestro sitio web est\u00e1n protegidas por el derecho de marca. Eso es particularmente aplicable a las marcas, r\u00f3tulos, logos y emblemas de <strong>HYPERBARIC MODULAR SYSTEMS, INC. (HMS)<\/strong>. Las marcas y elementos de dise\u00f1o en nuestro sitio web son propiedad de <strong>HMS<\/strong>.<\/p>\n<p>[\/et_pb_accordion_item][et_pb_accordion_item title=\u00bbIII. RESPONSABILIDAD\u00bb _builder_version=\u00bb4.21.0&#8243; _module_preset=\u00bbdefault\u00bb global_colors_info=\u00bb{}\u00bb open=\u00bboff\u00bb]<\/p>\n<p><strong>Responsabilidad de contenido<\/strong><br \/>El contenido de nuestro sitio web fue creado con la mayor diligencia posible. Sin embargo, no podemos aceptar responsabilidad de la exactitud, integridad y actualidad del contenido.<\/p>\n<p>Como prestador de servicios somos responsables de nuestro propio contenido en estas p\u00e1ginas bajo derecho general. Como prestador de servicios no somos obligados a monitorear informaci\u00f3n de terceros transmitida o grabada y no estamos responsables de investigar circunstancias que puedan indicar actividades ilegales. Obligaciones de eliminar o bloquear el uso de informaci\u00f3n bajo la legislaci\u00f3n general sin ser afectadas.<\/p>\n<p>Todas informaciones y declaraciones de este sitio web, incluyendo datos descargables, est\u00e1n no vinculantes, excepto si est\u00e1n explicitamente indicados vinculantes. Por eso no aceptamos responsibilidad de da\u00f1os, en particular de da\u00f1os de consequencias directas o indirectas, p\u00e9rdida de datos, p\u00e9rdida de beneficios, p\u00e9rdidas del sistema o producci\u00f3n que resultan del uso de este sitio web o de la descarga de datos.<\/p>\n<p><strong>Responsabilidad de links<\/strong><br \/>Nuestra p\u00e1gina web puede contener links a sitios web de terceros. No podemos influir y no monitoreamos permanentemente el contenido de estos sitios web. No adaptamos el contenido de estas p\u00e1ginas web como nuestro y nos distanciamos de esto. Por eso no asumimos responsabilidad alguna por este contenido externo. El gestor de estas p\u00e1ginas web es responsable del contenido de las p\u00e1ginas enlazadas.<\/p>\n<p>[\/et_pb_accordion_item][et_pb_accordion_item title=\u00bbIV. DERECHOS DE AUTOR\u00bb _builder_version=\u00bb4.21.0&#8243; _module_preset=\u00bbdefault\u00bb global_colors_info=\u00bb{}\u00bb open=\u00bboff\u00bb]El contenido en estas p\u00e1ginas creado para el gestor est\u00e1 sujeto al derecho de autor de los EE. UU. Contribuciones de terceros est\u00e1n adecuadamente marcadas. La duplicaci\u00f3n, distribuci\u00f3n y acceso p\u00fablico al contenido protegido requiere la confirmaci\u00f3n escrita del respectivo autor o creador. La descarga o duplicaci\u00f3n de esta p\u00e1gina s\u00f3lo est\u00e1 permitida para el uso privado y no comercial.<\/p>\n<p>Los gestores de estas p\u00e1ginas se esfuerzan de respectar el derecho de autor de otros y usar contenido propio o sin derechos de autor.[\/et_pb_accordion_item][\/et_pb_accordion][\/et_pb_column][\/et_pb_row][\/et_pb_section]<\/p>\n","protected":false},"excerpt":{"rendered":"<p>Informaci\u00f3n legal ImpresoHYPERBARIC MODULAR SYSTEMS, INC. (HMS)Presidente &amp; CEO: Sr. Adrian Garay1663 Pacific Rim CourtSan Diego, CA 92154EE. UU. Tel\u00e9fono:\u00a0+1 (619) 336-2022Fax: +1 (619) 336-2017E-mail: info@hmschambers.comSi no se indica lo contrario todas las marcas en nuestro sitio web est\u00e1n protegidas por el derecho de marca. Eso es particularmente aplicable a las marcas, r\u00f3tulos, logos y [&hellip;]<\/p>\n","protected":false},"author":1,"featured_media":0,"parent":0,"menu_order":600,"comment_status":"closed","ping_status":"closed","template":"","meta":{"_et_pb_use_builder":"on","_et_pb_old_content":"","_et_gb_content_width":"","_relevanssi_hide_post":"","_relevanssi_hide_content":"","_relevanssi_pin_for_all":"","_relevanssi_pin_keywords":"","_relevanssi_unpin_keywords":"","_relevanssi_related_keywords":"","_relevanssi_related_include_ids":"","_relevanssi_related_exclude_ids":"","_relevanssi_related_no_append":"","_relevanssi_related_not_related":"","_relevanssi_related_posts":"","_relevanssi_noindex_reason":"","footnotes":""},"class_list":["post-241191","page","type-page","status-publish","hentry"],"_links":{"self":[{"href":"https:\/\/hmschambers.com\/es\/wp-json\/wp\/v2\/pages\/241191","targetHints":{"allow":["GET"]}}],"collection":[{"href":"https:\/\/hmschambers.com\/es\/wp-json\/wp\/v2\/pages"}],"about":[{"href":"https:\/\/hmschambers.com\/es\/wp-json\/wp\/v2\/types\/page"}],"author":[{"embeddable":true,"href":"https:\/\/hmschambers.com\/es\/wp-json\/wp\/v2\/users\/1"}],"replies":[{"embeddable":true,"href":"https:\/\/hmschambers.com\/es\/wp-json\/wp\/v2\/comments?post=241191"}],"version-history":[{"count":4,"href":"https:\/\/hmschambers.com\/es\/wp-json\/wp\/v2\/pages\/241191\/revisions"}],"predecessor-version":[{"id":241478,"href":"https:\/\/hmschambers.com\/es\/wp-json\/wp\/v2\/pages\/241191\/revisions\/241478"}],"wp:attachment":[{"href":"https:\/\/hmschambers.com\/es\/wp-json\/wp\/v2\/media?parent=241191"}],"curies":[{"name":"wp","href":"https:\/\/api.w.org\/{rel}","templated":true}]}}